{"id":13377,"date":"2025-08-04T08:29:47","date_gmt":"2025-08-04T06:29:47","guid":{"rendered":"https:\/\/sindacatomedicitaliani.it\/?page_id=13377"},"modified":"2025-08-04T08:35:12","modified_gmt":"2025-08-04T06:35:12","slug":"convenzione-agos","status":"publish","type":"page","link":"https:\/\/sindacatomedicitaliani.it\/index.php\/convenzione-agos\/","title":{"rendered":"Convenzione &#8211; Agos"},"content":{"rendered":"\t\t<div data-elementor-type=\"wp-post\" data-elementor-id=\"13377\" class=\"elementor elementor-13377\">\n\t\t\t\t\t\t<section class=\"elementor-section elementor-top-section elementor-element elementor-element-27b1b3d elementor-section-boxed elementor-section-height-default elementor-section-height-default\" data-id=\"27b1b3d\" data-element_type=\"section\">\n\t\t\t\t\t\t<div class=\"elementor-container elementor-column-gap-default\">\n\t\t\t\t\t<div class=\"elementor-column elementor-col-100 elementor-top-column elementor-element elementor-element-6692b6b\" data-id=\"6692b6b\" data-element_type=\"column\">\n\t\t\t<div class=\"elementor-widget-wrap elementor-element-populated\">\n\t\t\t\t\t\t<div class=\"elementor-element elementor-element-8a05f63 elementor-widget elementor-widget-image\" data-id=\"8a05f63\" data-element_type=\"widget\" data-widget_type=\"image.default\">\n\t\t\t\t<div class=\"elementor-widget-container\">\n\t\t\t\t\t\t\t\t\t\t\t\t\t<img decoding=\"async\" src=\"https:\/\/sindacatomedicitaliani.it\/wp-content\/uploads\/elementor\/thumbs\/logo_agos-r9r0mo1f0l43wo6slrlyr7zy6rxr493vag2un71mfk.jpg\" title=\"logo_agos\" alt=\"logo_agos\" loading=\"lazy\" \/>\t\t\t\t\t\t\t\t\t\t\t\t\t<\/div>\n\t\t\t\t<\/div>\n\t\t\t\t<div class=\"elementor-element elementor-element-c128450 elementor-widget elementor-widget-text-editor\" data-id=\"c128450\" data-element_type=\"widget\" data-widget_type=\"text-editor.default\">\n\t\t\t\t<div class=\"elementor-widget-container\">\n\t\t\t\t\t\t\t<h5><strong>Convenzione SMI &#8211; <\/strong>Agos<\/h5>\t\t\t\t\t\t<\/div>\n\t\t\t\t<\/div>\n\t\t\t\t\t<\/div>\n\t\t<\/div>\n\t\t\t\t\t<\/div>\n\t\t<\/section>\n\t\t\t\t<section class=\"elementor-section elementor-top-section elementor-element elementor-element-2361660 elementor-section-boxed elementor-section-height-default elementor-section-height-default\" data-id=\"2361660\" data-element_type=\"section\">\n\t\t\t\t\t\t<div class=\"elementor-container elementor-column-gap-default\">\n\t\t\t\t\t<div class=\"elementor-column elementor-col-100 elementor-top-column elementor-element elementor-element-f6d4a26\" data-id=\"f6d4a26\" data-element_type=\"column\">\n\t\t\t<div class=\"elementor-widget-wrap elementor-element-populated\">\n\t\t\t\t\t\t<div class=\"elementor-element elementor-element-9e54ce9 elementor-widget elementor-widget-text-editor\" data-id=\"9e54ce9\" data-element_type=\"widget\" data-widget_type=\"text-editor.default\">\n\t\t\t\t<div class=\"elementor-widget-container\">\n\t\t\t\t\t\t\t<p><span style=\"font-size: 17.6px;\">Da oggi se ha un progetto da realizzare, un consolidamento con altri istituti da effettuare abbiamo il prodotto giusto per lei:<\/span><\/p>\t\t\t\t\t\t<\/div>\n\t\t\t\t<\/div>\n\t\t\t\t<div class=\"elementor-element elementor-element-aaf5bdd elementor-widget elementor-widget-image\" data-id=\"aaf5bdd\" data-element_type=\"widget\" data-widget_type=\"image.default\">\n\t\t\t\t<div class=\"elementor-widget-container\">\n\t\t\t\t\t\t\t\t\t\t\t\t\t<img decoding=\"async\" width=\"194\" height=\"56\" src=\"https:\/\/sindacatomedicitaliani.it\/wp-content\/uploads\/2025\/08\/logo_credit.png\" class=\"attachment-large size-large wp-image-13380\" alt=\"\" \/>\t\t\t\t\t\t\t\t\t\t\t\t\t<\/div>\n\t\t\t\t<\/div>\n\t\t\t\t<div class=\"elementor-element elementor-element-c01144e elementor-widget elementor-widget-text-editor\" data-id=\"c01144e\" data-element_type=\"widget\" data-widget_type=\"text-editor.default\">\n\t\t\t\t<div class=\"elementor-widget-container\">\n\t\t\t\t\t\t\t<p>il finanziamento pensato per i Medici iscritti allo SMI sicuro, personalizzato ed innovativo.<br \/><br \/>I Medici iscritti allo SMI possono richiedere:<br \/><br \/><em>&#8211; fino a 50.000\u20ac con la sola carta di identit\u00e0 e tessera sanitaria, senza necessit\u00e0 di presentare il documento di reddito se iscritti all&#8217;ordine da almeno 10 anni;<\/em><\/p><p><em>&#8211; solo per importi oltre 30.000\u20ac per gli iscritti all\u2019ordine da almeno 5 anni sar\u00e0 richiesto documento di reddito;\u00a0<\/em><\/p><p><em>&#8211; solo per importi oltre 12.000\u20ac per gli iscritti all\u2019ordine da almeno 2 anni sar\u00e0 richiesto anche il documento di reddito;\u00a0<\/em><\/p><p><em>&#8211; potranno richiedere fino a 80.000\u20ac grazie al consolidamento di finanziamenti verso altri operatori presentando carta di identit\u00e0, tessera sanitaria e documento di reddito.<\/em><\/p><p>\u00c8 possibile avere una consulenza dedicata, potr\u00e0 contattare telefonicamente uno dei nostri referenti presente nella sua zona, il quale potr\u00e0 recarsi presso il posto di lavoro, nello studio privato, o se preferisce potr\u00e0 fissare un appuntamento presso le nostre filiali.<\/p>\t\t\t\t\t\t<\/div>\n\t\t\t\t<\/div>\n\t\t\t\t<div class=\"elementor-element elementor-element-7307f07 elementor-widget elementor-widget-text-editor\" data-id=\"7307f07\" data-element_type=\"widget\" data-widget_type=\"text-editor.default\">\n\t\t\t\t<div class=\"elementor-widget-container\">\n\t\t\t\t\t\t\t<p><a href=\"https:\/\/sindacatomedicitaliani.it\/webdocs\/Volantino_Agos.pdf\" target=\"_blank\" rel=\"noopener\">Scarica Volantino Agos<\/a><\/p>\t\t\t\t\t\t<\/div>\n\t\t\t\t<\/div>\n\t\t\t\t<div class=\"elementor-element elementor-element-707a1f1 elementor-widget elementor-widget-spacer\" data-id=\"707a1f1\" data-element_type=\"widget\" data-widget_type=\"spacer.default\">\n\t\t\t\t<div class=\"elementor-widget-container\">\n\t\t\t\t\t<div class=\"elementor-spacer\">\n\t\t\t<div class=\"elementor-spacer-inner\"><\/div>\n\t\t<\/div>\n\t\t\t\t<\/div>\n\t\t\t\t<\/div>\n\t\t\t\t\t<\/div>\n\t\t<\/div>\n\t\t\t\t\t<\/div>\n\t\t<\/section>\n\t\t\t\t<\/div>\n\t\t","protected":false},"excerpt":{"rendered":"<p>Convenzione SMI &#8211; Agos Da oggi se ha un progetto da realizzare, un consolidamento con [&hellip;]<\/p>\n","protected":false},"author":2,"featured_media":0,"parent":0,"menu_order":0,"comment_status":"closed","ping_status":"closed","template":"elementor_canvas","meta":{"footnotes":""},"_links":{"self":[{"href":"https:\/\/sindacatomedicitaliani.it\/index.php\/wp-json\/wp\/v2\/pages\/13377"}],"collection":[{"href":"https:\/\/sindacatomedicitaliani.it\/index.php\/wp-json\/wp\/v2\/pages"}],"about":[{"href":"https:\/\/sindacatomedicitaliani.it\/index.php\/wp-json\/wp\/v2\/types\/page"}],"author":[{"embeddable":true,"href":"https:\/\/sindacatomedicitaliani.it\/index.php\/wp-json\/wp\/v2\/users\/2"}],"replies":[{"embeddable":true,"href":"https:\/\/sindacatomedicitaliani.it\/index.php\/wp-json\/wp\/v2\/comments?post=13377"}],"version-history":[{"count":4,"href":"https:\/\/sindacatomedicitaliani.it\/index.php\/wp-json\/wp\/v2\/pages\/13377\/revisions"}],"predecessor-version":[{"id":13383,"href":"https:\/\/sindacatomedicitaliani.it\/index.php\/wp-json\/wp\/v2\/pages\/13377\/revisions\/13383"}],"wp:attachment":[{"href":"https:\/\/sindacatomedicitaliani.it\/index.php\/wp-json\/wp\/v2\/media?parent=13377"}],"curies":[{"name":"wp","href":"https:\/\/api.w.org\/{rel}","templated":true}]}}